{"id":92,"date":"2020-10-17T17:55:54","date_gmt":"2020-10-17T15:55:54","guid":{"rendered":"https:\/\/www.ro.vet\/?page_id=92"},"modified":"2023-03-06T02:11:15","modified_gmt":"2023-03-06T01:11:15","slug":"agb","status":"publish","type":"page","link":"https:\/\/www.ro.vet\/?page_id=92","title":{"rendered":"AGB"},"content":{"rendered":"<div class=\"fusion-fullwidth fullwidth-box fusion-builder-row-1 fusion-flex-container nonhundred-percent-fullwidth non-hundred-percent-height-scrolling\" style=\"--awb-border-radius-top-left:0px;--awb-border-radius-top-right:0px;--awb-border-radius-bottom-right:0px;--awb-border-radius-bottom-left:0px;--awb-flex-wrap:wrap;\" ><div class=\"fusion-builder-row fusion-row fusion-flex-align-items-flex-start fusion-flex-content-wrap\" style=\"max-width:1248px;margin-left: calc(-4% \/ 2 );margin-right: calc(-4% \/ 2 );\"><div class=\"fusion-layout-column fusion_builder_column fusion-builder-column-0 fusion_builder_column_1_1 1_1 fusion-flex-column\" style=\"--awb-bg-blend:overlay;--awb-bg-size:cover;--awb-width-large:100%;--awb-margin-top-large:0px;--awb-spacing-right-large:1.92%;--awb-margin-bottom-large:0px;--awb-spacing-left-large:1.92%;--awb-width-medium:100%;--awb-spacing-right-medium:1.92%;--awb-spacing-left-medium:1.92%;--awb-width-small:100%;--awb-spacing-right-small:1.92%;--awb-spacing-left-small:1.92%;\"><div class=\"fusion-column-wrapper fusion-flex-justify-content-flex-start fusion-content-layout-column\"><div class=\"fusion-text fusion-text-1\"><\/p>\n<p class=\"has-text-align-center\">Allgemeine Gesch\u00e4ftsbedingungen Tierarztpraxis Dr. med. vet. Veronika Heigl <br \/>Im Nachfolgenden &#8211; Tierarzt &#8211; genannt.<\/p>\n<\/p>\n<p class=\"has-text-align-center\">Stand der AGB 06.03.2023<\/p>\n<p class=\"has-text-align-center\" style=\"text-align: left;\">1. Der Tierarzt-Klienten-Vertrag kommt durch Auftrag und Zusage in mu\u0308ndlicher, schriftlicher oder elektronischer Form bzw. das Vorstellen des Tieres sowie durch die mu\u0308ndliche Annahme des Auftrages oder den Beginn der tier\u00e4rztlichen Untersuchung zustande. Ihm liegen diese AGB zugrunde.<br \/>2. Der Tierarzt beh\u00e4lt sich das Recht zur Behandlungsverweigerung vor. Davon ausgenommen sind lebensbedrohliche Notf\u00e4lle und solche F\u00e4lle, die sich nach tier\u00e4rztlichem Ermessen bis zum n\u00e4chsten Werktag zu einem lebensbedrohlichen Notfall fortentwickeln k\u00f6nnen.<br \/>3. Die Sprech- und Behandlungszeiten sind Montag-Samstag von 9.00-19.00 Uhr. Behandlungen erfolgen ausschlie\u00dflich nach Terminvereinbarung. Terminabsagen sind mit einem Werktag Vorlaufzeit mitzuteilen. Werden vereinbarte Termine ohne vorherige Absage nicht wahrgenommen, wird der entstandene Schaden geltend gemacht.<br \/>4. Der Tierarzt verpflichtet sich zur Erfu\u0308llung des Behandlungsvertrages unter Wahrung der tier\u00e4rztlichen Sorgfaltspflicht. Ein Rechtsanspruch auf Erfolg therapeutischer Ma\u00dfnahmen kann nicht gegeben werden. Das Selbstbestimmungsrecht des Tierbesitzers bleibt gewahrt.<br \/>5. Der Klient ist verpflichtet, die Krankengeschichte, eventuelle Vorbehandlungen und eine etwaige Aggressivit\u00e4t seines Tieres wahrheitsgem\u00e4\u00df offen zu legen und diagnostische und therapeutische Ma\u00dfnahmen der Praxis zu unterstu\u0308tzen. <br \/>6. Der Tierarzt ist berechtigt zur Ausfu\u0308hrung des Untersuchungs- und Behandlungsauftrages Mitarbeiter, fachkundige Dritte sowie datenverarbeitende Unternehmen einzusetzen bzw. heranzuziehen. Kundendaten aus dem Vertragsverh\u00e4ltnis werden zum Zwecke der Datenverarbeitung gespeichert. Sie unterliegen dem Datenschutzgesetz sowie der tier\u00e4rztlichen Schweigepflicht. Kunden- und Patientendaten werden grunds\u00e4tzlich nicht an Dritte weitergegeben. Davon ausgenommen sind Datenu\u0308bermittlungen im Zusammenhang mit \u00dcberweisungen an andere Tierarztpraxen bzw. Kliniken, Laboruntersuchungen in Fremdlaboren sowie bei Auftreten von melde- und anzeigepflichtigen Tierseuchen.<br \/>7. Die voraussichtlichen Kosten fu\u0308r Untersuchung und Behandlung des Tieres sind nur Sch\u00e4tzungen des Tierarztes aus der zum Zeitpunkt der Sch\u00e4tzung abgegebenen Sicht. Sie sind daher nicht verbindlich.<br \/>8. Die Gebu\u0308hren und Preise, nach denen die in meiner Praxis durchgefu\u0308hrten tier\u00e4rztlichen Leistungen abgerechnet werden, richten sich nach der aktuell g\u00fcltigen Gebu\u0308hrenordnung fu\u0308r Tier\u00e4rzte (GOT). Die Preise von rezeptpflichtigen Medikamenten werden nach der aktuell g\u00fcltigen Arzneimittelpreis-Verordnung (AMPreisV) berechnet.<br \/>9. Leistungen sind sofort in bar oder per EC-Karte zu bezahlen. Ich behalte mir vor, gegen Vorkasse t\u00e4tig zu werden. <br \/>In Ausnahmef\u00e4llen kann eine Rechnungsstellung erfolgen. Rechnungen sind sofort nach erhalt f\u00e4llig. Die Zahlung gilt erst als geleistet, wenn der Betrag auf dem Praxiskonto eingegangen ist.<br \/>10. Die abgegebenen Medikamente und Waren bleiben mein Eigentum, solange der Klient nicht seine gesamten Verbindlichkeiten erfu\u0308llt hat.<br \/>11. Der Umtausch oder die Ru\u0308cknahme von Arzneimitteln, Di\u00e4t \u2013 und Erg\u00e4nzungsfuttermitteln ist grunds\u00e4tzlich nicht m\u00f6glich.<br \/>12. Stirbt ein Tier w\u00e4hrend der Behandlung, so gelten bezu\u0308glich der Beseitigung des Tierk\u00f6rpers die Bestimmungen des Bayerischen Landesamtes fu\u0308r Gesundheit und Lebensmittelsicherheit.<br \/>13. Behinderung durch h\u00f6here Gewalt oder Betriebsst\u00f6rungen berechtigen uns zum Ru\u0308cktritt vom Vertrag.<br \/>14. Gerichtsstand und Erfu\u0308llungsort fu\u0308r Anspru\u0308che aus dem Vertragsverh\u00e4ltnis ist Rosenheim.<br \/>15. Die Praxis verschafft durch Aush\u00e4ndigung bzw. Ver\u00f6ffentlichung auf der Website dem Klienten die M\u00f6glichkeit vom Inhalt der Allgemeinen Gesch\u00e4ftsbedingungen Kenntnis zu nehmen. Der Klient erkl\u00e4rt mit Auftragserteilung sie gelesen, verstanden und akzeptiert zu haben.<\/p>\n<\/p><\/p>\n<\/div><\/div><\/div><\/div><\/div>","protected":false},"excerpt":{"rendered":"","protected":false},"author":1,"featured_media":0,"parent":0,"menu_order":0,"comment_status":"closed","ping_status":"closed","template":"","meta":{"footnotes":""},"class_list":["post-92","page","type-page","status-publish","hentry"],"_links":{"self":[{"href":"https:\/\/www.ro.vet\/index.php?rest_route=\/wp\/v2\/pages\/92","targetHints":{"allow":["GET"]}}],"collection":[{"href":"https:\/\/www.ro.vet\/index.php?rest_route=\/wp\/v2\/pages"}],"about":[{"href":"https:\/\/www.ro.vet\/index.php?rest_route=\/wp\/v2\/types\/page"}],"author":[{"embeddable":true,"href":"https:\/\/www.ro.vet\/index.php?rest_route=\/wp\/v2\/users\/1"}],"replies":[{"embeddable":true,"href":"https:\/\/www.ro.vet\/index.php?rest_route=%2Fwp%2Fv2%2Fcomments&post=92"}],"version-history":[{"count":10,"href":"https:\/\/www.ro.vet\/index.php?rest_route=\/wp\/v2\/pages\/92\/revisions"}],"predecessor-version":[{"id":589,"href":"https:\/\/www.ro.vet\/index.php?rest_route=\/wp\/v2\/pages\/92\/revisions\/589"}],"wp:attachment":[{"href":"https:\/\/www.ro.vet\/index.php?rest_route=%2Fwp%2Fv2%2Fmedia&parent=92"}],"curies":[{"name":"wp","href":"https:\/\/api.w.org\/{rel}","templated":true}]}}