{"id":87,"date":"2020-10-17T18:12:22","date_gmt":"2020-10-17T16:12:22","guid":{"rendered":"https:\/\/www.ro.vet\/?page_id=87"},"modified":"2025-05-06T16:05:27","modified_gmt":"2025-05-06T14:05:27","slug":"tierarztpraxis","status":"publish","type":"page","link":"https:\/\/www.ro.vet\/","title":{"rendered":"Home"},"content":{"rendered":"<p><div class=\"fusion-fullwidth fullwidth-box fusion-builder-row-1 fusion-flex-container hundred-percent-fullwidth hundred-percent-height hundred-percent-height-center-content non-hundred-percent-height-scrolling\" style=\"--awb-border-radius-top-left:0px;--awb-border-radius-top-right:0px;--awb-border-radius-bottom-right:0px;--awb-border-radius-bottom-left:0px;--awb-padding-top:0px;--awb-padding-right:0px;--awb-padding-bottom:0px;--awb-padding-left:15px;--awb-margin-top:0px;--awb-margin-bottom:0px;--awb-flex-wrap:wrap;\" ><div class=\"fusion-builder-row fusion-row fusion-flex-align-items-stretch fusion-flex-justify-content-center fusion-flex-content-wrap\" style=\"width:104% !important;max-width:104% !important;margin-left: calc(-4% \/ 2 );margin-right: calc(-4% \/ 2 );\"><div class=\"fusion-layout-column fusion_builder_column fusion-builder-column-0 fusion_builder_column_1_1 1_1 fusion-flex-column\" style=\"--awb-bg-blend:overlay;--awb-bg-size:cover;--awb-width-large:100%;--awb-margin-top-large:0px;--awb-spacing-right-large:1.92%;--awb-margin-bottom-large:0px;--awb-spacing-left-large:1.92%;--awb-width-medium:100%;--awb-spacing-right-medium:1.92%;--awb-spacing-left-medium:1.92%;--awb-width-small:100%;--awb-spacing-right-small:1.92%;--awb-spacing-left-small:1.92%;\"><div class=\"fusion-column-wrapper fusion-flex-justify-content-flex-start fusion-content-layout-column\"><div class=\"fusion-text fusion-text-1\"><\/p>\n<p class=\"has-text-align-center\"><b style=\"font-size: 20px;\" data-fusion-font=\"true\">Herzlich willkommen bei der Tierarztpraxis Dr. med. vet. Veronika Heigl<\/b><\/p>\n<\/p>\n<p class=\"has-text-align-center\" style=\"font-size: 18px;\" data-fusion-font=\"true\">In meiner Tierarztpraxis k\u00fcmmere ich mich <b>schwerpunktm\u00e4\u00dfig physiotherapeutisch<\/b> um Ihren Liebling, sei es Hund, Katze oder Pferd.<\/p>\n<\/p>\n<p class=\"has-text-align-center\" style=\"font-size: 18px;\" data-fusion-font=\"true\">F\u00fcr die Physiotherapie gibt es verschiedenste Indikationen, bei denen diese positiven Einfluss auf die Gesundheit des Bewegungsapparates und damit auf die Bewegungsfreude Ihres Tieres hat. Unsere Haustiere profitieren nicht nur in der Rehabilitationsphase nach Verletzungen oder Operationen von physiotherapeutischen Behandlungen, sondern zum Beispiel auch bei unseren ganz alten Vierbeinern oder den Sportlern unter ihnen wird die Gesundheit, Beweglichkeit und Leistungsf\u00e4higkeit dadurch gef\u00f6rdert.<\/p>\n<\/p>\n<p class=\"has-text-align-center\" style=\"font-size: 18px;\" data-fusion-font=\"true\">Mein Ziel ist es f\u00fcr jeden einzelnen meiner Patienten sein Leben lang die Bewegungsfreude und die damit verbundene Lebensqualit\u00e4t zu erhalten oder, wenn es notwendig geworden ist, wiederherzustellen.<\/p>\n<\/p>\n<p class=\"has-text-align-center\" style=\"font-size: 18px;\" data-fusion-font=\"true\">Es ist sehr wichtig, dass die genaue Beurteilung und Diagnosestellung, die als Grundlage zur Erstellung eines optimalen Therapie- und Bewegungsplanes notwendig sind, sowie die Behandlung selbst in einer entspannten Atmosph\u00e4re ohne Zeitdruck stattfinden.<\/p>\n<\/p>\n<p class=\"has-text-align-center\"><span style=\"background-color: rgba(255, 255, 255, 0); color: var(--body_typography-color); font-family: var(--body_typography-font-family); font-style: var(--body_typography-font-style,normal); font-weight: var(--body_typography-font-weight); letter-spacing: var(--body_typography-letter-spacing); font-size: 18px;\">Hinweis: Die Praxis ist vor\u00fcbergehend geschlossen.<\/span><\/p>\n<p class=\"has-text-align-center\" style=\"font-size: 18px;\" data-fusion-font=\"true\">\u00a0<\/p><\/p>\n<\/div><\/div><\/div><div class=\"fusion-layout-column fusion_builder_column fusion-builder-column-1 fusion_builder_column_1_1 1_1 fusion-flex-column fusion-flex-align-self-center\" style=\"--awb-padding-bottom:480px;--awb-padding-top-medium:0px;--awb-padding-bottom-medium:0px;--awb-padding-left-medium:0px;--awb-bg-size:cover;--awb-width-large:100%;--awb-margin-top-large:0px;--awb-spacing-right-large:0%;--awb-margin-bottom-large:0px;--awb-spacing-left-large:0px;--awb-width-medium:100%;--awb-order-medium:0;--awb-margin-top-medium:0px;--awb-spacing-right-medium:0%;--awb-margin-bottom-medium:0px;--awb-spacing-left-medium:0%;--awb-width-small:100%;--awb-order-small:0;--awb-spacing-right-small:1.92%;--awb-spacing-left-small:1.92%;\"><div class=\"fusion-column-wrapper fusion-column-has-shadow fusion-flex-justify-content-center fusion-content-layout-row\"><\/div><\/div><\/div><\/div><div class=\"fusion-fullwidth fullwidth-box fusion-builder-row-2 fusion-flex-container nonhundred-percent-fullwidth non-hundred-percent-height-scrolling\" style=\"--awb-border-radius-top-left:0px;--awb-border-radius-top-right:0px;--awb-border-radius-bottom-right:0px;--awb-border-radius-bottom-left:0px;--awb-flex-wrap:wrap;\" ><div class=\"fusion-builder-row fusion-row fusion-flex-align-items-flex-start fusion-flex-content-wrap\" style=\"max-width:1248px;margin-left: calc(-4% \/ 2 );margin-right: calc(-4% \/ 2 );\"><\/div><\/div><\/p>","protected":false},"excerpt":{"rendered":"","protected":false},"author":1,"featured_media":0,"parent":0,"menu_order":0,"comment_status":"closed","ping_status":"closed","template":"100-width.php","meta":{"footnotes":""},"class_list":["post-87","page","type-page","status-publish","hentry"],"_links":{"self":[{"href":"https:\/\/www.ro.vet\/index.php?rest_route=\/wp\/v2\/pages\/87","targetHints":{"allow":["GET"]}}],"collection":[{"href":"https:\/\/www.ro.vet\/index.php?rest_route=\/wp\/v2\/pages"}],"about":[{"href":"https:\/\/www.ro.vet\/index.php?rest_route=\/wp\/v2\/types\/page"}],"author":[{"embeddable":true,"href":"https:\/\/www.ro.vet\/index.php?rest_route=\/wp\/v2\/users\/1"}],"replies":[{"embeddable":true,"href":"https:\/\/www.ro.vet\/index.php?rest_route=%2Fwp%2Fv2%2Fcomments&post=87"}],"version-history":[{"count":47,"href":"https:\/\/www.ro.vet\/index.php?rest_route=\/wp\/v2\/pages\/87\/revisions"}],"predecessor-version":[{"id":614,"href":"https:\/\/www.ro.vet\/index.php?rest_route=\/wp\/v2\/pages\/87\/revisions\/614"}],"wp:attachment":[{"href":"https:\/\/www.ro.vet\/index.php?rest_route=%2Fwp%2Fv2%2Fmedia&parent=87"}],"curies":[{"name":"wp","href":"https:\/\/api.w.org\/{rel}","templated":true}]}}