{"id":43,"date":"2020-09-27T22:26:04","date_gmt":"2020-09-27T22:26:04","guid":{"rendered":"https:\/\/www.ro.vet\/?page_id=43"},"modified":"2025-02-28T02:06:10","modified_gmt":"2025-02-28T01:06:10","slug":"start","status":"publish","type":"page","link":"https:\/\/www.ro.vet\/?page_id=43","title":{"rendered":"Impressum"},"content":{"rendered":"<div class=\"fusion-fullwidth fullwidth-box fusion-builder-row-1 fusion-flex-container nonhundred-percent-fullwidth non-hundred-percent-height-scrolling\" style=\"--awb-border-radius-top-left:0px;--awb-border-radius-top-right:0px;--awb-border-radius-bottom-right:0px;--awb-border-radius-bottom-left:0px;--awb-flex-wrap:wrap;\" ><div class=\"fusion-builder-row fusion-row fusion-flex-align-items-flex-start fusion-flex-content-wrap\" style=\"max-width:1248px;margin-left: calc(-4% \/ 2 );margin-right: calc(-4% \/ 2 );\"><div class=\"fusion-layout-column fusion_builder_column fusion-builder-column-0 fusion_builder_column_1_1 1_1 fusion-flex-column\" style=\"--awb-bg-blend:overlay;--awb-bg-size:cover;--awb-width-large:100%;--awb-margin-top-large:0px;--awb-spacing-right-large:1.92%;--awb-margin-bottom-large:0px;--awb-spacing-left-large:1.92%;--awb-width-medium:100%;--awb-spacing-right-medium:1.92%;--awb-spacing-left-medium:1.92%;--awb-width-small:100%;--awb-spacing-right-small:1.92%;--awb-spacing-left-small:1.92%;\"><div class=\"fusion-column-wrapper fusion-flex-justify-content-flex-start fusion-content-layout-column\"><div class=\"fusion-text fusion-text-1\"><\/p>\n<p>Angaben gem\u00e4\u00df \u00a7 5 TMG und Informationspflicht gem\u00e4\u00df DL-InfoV:<\/p>\n<\/p>\n<p>Dr. med. vet. Veronika Heigl<br \/>Krokusweg 7<br \/>83109 Gro\u00dfkarolinenfeld<\/p>\n<p>Telefon 0172\/684 7463<br \/>Email physio@ro.vet<\/p>\n<\/p>\n<p>USt-Id Nr.: DE 330 932 916<\/p>\n<\/p>\n<p><strong>Gesetzliche Berufsbezeichnung<\/strong><br \/>Tier\u00e4rztin verliehen in der Bundesrepublik Deutschland<\/p>\n<\/p>\n<p><strong>Zust\u00e4ndige Approbationsbeh\u00f6rde<\/strong><br \/>Regierung von Oberbayern, 80534 M\u00fcnchen<\/p>\n<\/p>\n<p><strong>Zust\u00e4ndige Kammer und Schlichtungsstelle<\/strong><br \/>Bayerische Landestier\u00e4rztekammer<br \/>Bavariastra\u00dfe 7a<br \/>80336 M\u00fcnchen<br \/><a href=\"http:\/\/www.bltk.de\">www.bltk.de<\/a><\/p>\n<\/p>\n<p><strong>Berufshaftpflichtversicherung<\/strong><br \/>ERGO Versicherung AG<br \/>Ergo-Platz 1<br \/>40477 D\u00fcsseldorf<\/p>\n<\/p>\n<p><strong>Berufsrechtliche Regelungen<\/strong><\/p>\n<\/p>\n<p>Bundes-Tier\u00e4rzteordnung in der Fassung der Bekanntmachung vom 20. November 1981 (BGBl. I S. 1193), die zuletzt durch Artikel 6 des Gesetzes vom 15. August 2019 (BGBl. I S. 1307) ge\u00e4ndert worden ist<\/p>\n<\/p>\n<p>Heilberufe-Kammergesetz \u2013 HKaG &#8211; Die Regelungen finden sich im Gesetzblatt des Landes Bayern<\/p>\n<\/p>\n<p>Berufsordnung f\u00fcr Tier\u00e4rzte vom 27. Juni 1986 (DTBl 1986, S. 867 ff.), zuletzt ge\u00e4ndert am 07. Mai 2014 (DTBl. 7\/2014, S. 1009)<br \/><a href=\"http:\/\/www.bltk.info\/berufsordnung.html\">www.bltk.de\/berufsordnung<\/a><\/p>\n<\/p>\n<p>Alle Leistungen werden entsprechend der Geb\u00fchrenordnung f\u00fcr Tier\u00e4rzte (GOT) vom 28. Juli 1999 (BGBl. I S. 1691 ff), unter Ber\u00fccksichtigung der 1. Verordnung zur \u00c4nderung der GOT vom 27. April 2005 (BGBl. I S. 1160), der 2. Verordnung zur \u00c4nderung der GOT vom 30. Juni 2008 (BGBl. I S. 1105ff), der 3. Verordnung zur \u00c4nderung der GOT vom 19. Juli 2017 sowie der 4. Verordnung zur \u00c4nderung der GOT vom 10. Februar 2020.<br \/>Siehe auch <a href=\"https:\/\/www.bundestieraerztekammer.de\/tieraerzte\/beruf\/got\/\">https:\/\/www.bundestieraerztekammer.de\/tieraerzte\/beruf\/got\/<\/a><\/p>\n<\/p>\n<p><strong>Haftungsausschluss Inhalte\/Links<\/strong><br \/>Die Inhalte wurden mit gro\u00dfer Sorgfalt erstellt. F\u00fcr die Richtigkeit, Vollst\u00e4ndigkeit und Aktualit\u00e4t der Inhalte k\u00f6nnen wir jedoch kein Gew\u00e4hr \u00fcbernehmen, ebenso \u00fcbernehmen wir keine Haftung f\u00fcr die Inhalte externer Links.<\/p>\n<\/p>\n<p><strong>Urheberrecht<\/strong><br \/>Die durch die Seitenbetreiber erstellten Inhalte und Bilder dieser Seite unterliegen dem deutschen Urheberrecht. Vervielf\u00e4ltigungen, Bearbeitungen, Verbreitung und jeder weitere Art der Verwertung au\u00dferhalb der Grenzen des Urheberrechtes bed\u00fcrfen der schriftlichen Zustimmung des Autors bzw. Erstellers. Downloads und Kopien dieser Seite sind nur f\u00fcr den privaten, nicht kommerziellen Gebrauch gestattet. Soweit Inhalte dieser Seite nicht vom Betreiber erstellt wurden, sind Urheberrechte Dritter beachtet. Insbesondere werden Inhalte Dritter gekennzeichnet. Sollten Sie trotzdem auf eine Urheberrechtsverletzung aufmerksam werden, bitten wir Sie um einen entsprechenden Hinweis. Bei Bekanntwerden von Rechtsverletzungen werden wir derartige Inhalte umgehend entfernen.<\/p><\/p>\n<\/div><\/div><\/div><\/div><\/div>","protected":false},"excerpt":{"rendered":"","protected":false},"author":1,"featured_media":0,"parent":0,"menu_order":0,"comment_status":"closed","ping_status":"closed","template":"","meta":{"footnotes":""},"class_list":["post-43","page","type-page","status-publish","hentry"],"_links":{"self":[{"href":"https:\/\/www.ro.vet\/index.php?rest_route=\/wp\/v2\/pages\/43","targetHints":{"allow":["GET"]}}],"collection":[{"href":"https:\/\/www.ro.vet\/index.php?rest_route=\/wp\/v2\/pages"}],"about":[{"href":"https:\/\/www.ro.vet\/index.php?rest_route=\/wp\/v2\/types\/page"}],"author":[{"embeddable":true,"href":"https:\/\/www.ro.vet\/index.php?rest_route=\/wp\/v2\/users\/1"}],"replies":[{"embeddable":true,"href":"https:\/\/www.ro.vet\/index.php?rest_route=%2Fwp%2Fv2%2Fcomments&post=43"}],"version-history":[{"count":12,"href":"https:\/\/www.ro.vet\/index.php?rest_route=\/wp\/v2\/pages\/43\/revisions"}],"predecessor-version":[{"id":606,"href":"https:\/\/www.ro.vet\/index.php?rest_route=\/wp\/v2\/pages\/43\/revisions\/606"}],"wp:attachment":[{"href":"https:\/\/www.ro.vet\/index.php?rest_route=%2Fwp%2Fv2%2Fmedia&parent=43"}],"curies":[{"name":"wp","href":"https:\/\/api.w.org\/{rel}","templated":true}]}}