{"id":334,"date":"2021-04-11T00:22:01","date_gmt":"2021-04-10T22:22:01","guid":{"rendered":"https:\/\/www.ro.vet\/?page_id=334"},"modified":"2023-09-10T16:20:02","modified_gmt":"2023-09-10T14:20:02","slug":"kosten","status":"publish","type":"page","link":"https:\/\/www.ro.vet\/?page_id=334","title":{"rendered":"Kosten"},"content":{"rendered":"<div class=\"fusion-fullwidth fullwidth-box fusion-builder-row-1 fusion-flex-container nonhundred-percent-fullwidth non-hundred-percent-height-scrolling\" style=\"--awb-border-radius-top-left:0px;--awb-border-radius-top-right:0px;--awb-border-radius-bottom-right:0px;--awb-border-radius-bottom-left:0px;--awb-flex-wrap:wrap;\" ><div class=\"fusion-builder-row fusion-row fusion-flex-align-items-center fusion-flex-justify-content-center fusion-flex-content-wrap\" style=\"max-width:1248px;margin-left: calc(-4% \/ 2 );margin-right: calc(-4% \/ 2 );\"><div class=\"fusion-layout-column fusion_builder_column fusion-builder-column-0 fusion_builder_column_1_1 1_1 fusion-flex-column\" style=\"--awb-bg-size:cover;--awb-width-large:100%;--awb-margin-top-large:0px;--awb-spacing-right-large:1.92%;--awb-margin-bottom-large:20px;--awb-spacing-left-large:1.92%;--awb-width-medium:100%;--awb-order-medium:0;--awb-spacing-right-medium:1.92%;--awb-spacing-left-medium:1.92%;--awb-width-small:100%;--awb-order-small:0;--awb-spacing-right-small:1.92%;--awb-spacing-left-small:1.92%;\"><div class=\"fusion-column-wrapper fusion-column-has-shadow fusion-flex-justify-content-flex-start fusion-content-layout-column\"><div class=\"fusion-text fusion-text-1\"><p style=\"text-align: center;\"><span style=\"font-size: 18px;\" data-fusion-font=\"true\"><img decoding=\"async\" class=\"lazyload alignright size-fusion-600 wp-image-513\" src=\"https:\/\/www.ro.vet\/wp-content\/uploads\/2021\/05\/IMGP1816-600x397.jpg\" data-orig-src=\"https:\/\/www.ro.vet\/wp-content\/uploads\/2021\/05\/IMGP1816-600x397.jpg\" alt=\"\" width=\"600\" height=\"397\" srcset=\"data:image\/svg+xml,%3Csvg%20xmlns%3D%27http%3A%2F%2Fwww.w3.org%2F2000%2Fsvg%27%20width%3D%27600%27%20height%3D%27397%27%20viewBox%3D%270%200%20600%20397%27%3E%3Crect%20width%3D%27600%27%20height%3D%27397%27%20fill-opacity%3D%220%22%2F%3E%3C%2Fsvg%3E\" data-srcset=\"https:\/\/www.ro.vet\/wp-content\/uploads\/2021\/05\/IMGP1816-200x132.jpg 200w, https:\/\/www.ro.vet\/wp-content\/uploads\/2021\/05\/IMGP1816-300x199.jpg 300w, https:\/\/www.ro.vet\/wp-content\/uploads\/2021\/05\/IMGP1816-400x265.jpg 400w, https:\/\/www.ro.vet\/wp-content\/uploads\/2021\/05\/IMGP1816-600x397.jpg 600w, https:\/\/www.ro.vet\/wp-content\/uploads\/2021\/05\/IMGP1816-768x509.jpg 768w, https:\/\/www.ro.vet\/wp-content\/uploads\/2021\/05\/IMGP1816-800x530.jpg 800w, https:\/\/www.ro.vet\/wp-content\/uploads\/2021\/05\/IMGP1816-1024x678.jpg 1024w, https:\/\/www.ro.vet\/wp-content\/uploads\/2021\/05\/IMGP1816-1200x795.jpg 1200w, https:\/\/www.ro.vet\/wp-content\/uploads\/2021\/05\/IMGP1816-1536x1017.jpg 1536w\" data-sizes=\"auto\" data-orig-sizes=\"(max-width: 600px) 100vw, 600px\" \/>Die Abrechnung der Leistungen erfolgt gem\u00e4\u00df GOT (Geb\u00fchrenordnung f\u00fcr Tier\u00e4rzte). <\/span><br \/><span style=\"background-color: rgba(255, 255, 255, 0); color: var(--body_typography-color); font-family: var(--body_typography-font-family); font-size: 18px; font-style: var(--body_typography-font-style,normal); font-weight: var(--body_typography-font-weight); letter-spacing: var(--body_typography-letter-spacing);\" data-fusion-font=\"true\">F\u00fcr die physiotherapeutische Behandlung stellt hierbei der Zeitfaktor eine ma\u00dfgebende Berechnungsgrundlage dar.<\/span><\/p>\n<p style=\"text-align: center;\"><span style=\"font-size: 18px;\" data-fusion-font=\"true\">Das Wegegeld (Fahrtkosten nach GOT) f\u00fcr die Anfahrt betr\u00e4gt 3,50 \u20ac je Doppelkilometer, mindestens aber 13 \u20ac. <\/span><br \/><span style=\"font-size: 18px;\" data-fusion-font=\"true\">Wenn auf der Fahrt mehrere Tierhalter besucht werden, wird das Wegegeld anteilig berechnet.<\/span><\/p>\n<p style=\"text-align: center;\"><span style=\"font-size: 18px;\" data-fusion-font=\"true\">Weitere Informationen f\u00fcr Tierhhalter zur GOT finden Sie unter https:\/\/www.bundestieraerztekammer.de\/tierhalter\/got\/<\/span><\/p>\n<p style=\"text-align: center;\"><span style=\"font-size: 18px;\" data-fusion-font=\"true\"><br \/><\/span><\/p>\n<\/div><\/div><\/div><\/div><\/div>\n","protected":false},"excerpt":{"rendered":"","protected":false},"author":2,"featured_media":0,"parent":0,"menu_order":0,"comment_status":"closed","ping_status":"closed","template":"","meta":{"footnotes":""},"class_list":["post-334","page","type-page","status-publish","hentry"],"_links":{"self":[{"href":"https:\/\/www.ro.vet\/index.php?rest_route=\/wp\/v2\/pages\/334","targetHints":{"allow":["GET"]}}],"collection":[{"href":"https:\/\/www.ro.vet\/index.php?rest_route=\/wp\/v2\/pages"}],"about":[{"href":"https:\/\/www.ro.vet\/index.php?rest_route=\/wp\/v2\/types\/page"}],"author":[{"embeddable":true,"href":"https:\/\/www.ro.vet\/index.php?rest_route=\/wp\/v2\/users\/2"}],"replies":[{"embeddable":true,"href":"https:\/\/www.ro.vet\/index.php?rest_route=%2Fwp%2Fv2%2Fcomments&post=334"}],"version-history":[{"count":10,"href":"https:\/\/www.ro.vet\/index.php?rest_route=\/wp\/v2\/pages\/334\/revisions"}],"predecessor-version":[{"id":598,"href":"https:\/\/www.ro.vet\/index.php?rest_route=\/wp\/v2\/pages\/334\/revisions\/598"}],"wp:attachment":[{"href":"https:\/\/www.ro.vet\/index.php?rest_route=%2Fwp%2Fv2%2Fmedia&parent=334"}],"curies":[{"name":"wp","href":"https:\/\/api.w.org\/{rel}","templated":true}]}}