{"id":324,"date":"2021-04-11T00:10:21","date_gmt":"2021-04-10T22:10:21","guid":{"rendered":"https:\/\/www.ro.vet\/?page_id=324"},"modified":"2021-05-16T16:28:06","modified_gmt":"2021-05-16T14:28:06","slug":"physiotherapie-und-indikationen","status":"publish","type":"page","link":"https:\/\/www.ro.vet\/?page_id=324","title":{"rendered":"Physiotherapie &#038; Indikationen"},"content":{"rendered":"<div class=\"fusion-fullwidth fullwidth-box fusion-builder-row-1 fusion-flex-container nonhundred-percent-fullwidth non-hundred-percent-height-scrolling\" style=\"--awb-border-radius-top-left:0px;--awb-border-radius-top-right:0px;--awb-border-radius-bottom-right:0px;--awb-border-radius-bottom-left:0px;--awb-flex-wrap:wrap;\" ><div class=\"fusion-builder-row fusion-row fusion-flex-align-items-flex-start fusion-flex-content-wrap\" style=\"max-width:1248px;margin-left: calc(-4% \/ 2 );margin-right: calc(-4% \/ 2 );\"><div class=\"fusion-layout-column fusion_builder_column fusion-builder-column-0 fusion_builder_column_1_1 1_1 fusion-flex-column\" style=\"--awb-bg-size:cover;--awb-width-large:100%;--awb-margin-top-large:0px;--awb-spacing-right-large:1.92%;--awb-margin-bottom-large:20px;--awb-spacing-left-large:1.92%;--awb-width-medium:100%;--awb-order-medium:0;--awb-spacing-right-medium:1.92%;--awb-spacing-left-medium:1.92%;--awb-width-small:100%;--awb-order-small:0;--awb-spacing-right-small:1.92%;--awb-spacing-left-small:1.92%;\"><div class=\"fusion-column-wrapper fusion-column-has-shadow fusion-flex-justify-content-flex-start fusion-content-layout-column\"><div class=\"fusion-text fusion-text-1\"><p><b style=\"background-color: rgba(255, 255, 255, 0); color: var(--body_typography-color); font-family: var(--body_typography-font-family); font-style: var(--body_typography-font-style,normal); letter-spacing: var(--body_typography-letter-spacing); font-size: 24px;\" data-fusion-font=\"true\">Physiotherapie<\/b><\/p>\n<p style=\"font-size: 18px;\" data-fusion-font=\"true\">Die Physiotherapie ist eine Therapieform, die darauf abzielt mit naturgegeben Mitteln gest\u00f6rte physiologische Funktionen im K\u00f6rper wiederherzustellen.<img decoding=\"async\" class=\"lazyload alignright wp-image-495 size-fusion-600\" src=\"https:\/\/www.ro.vet\/wp-content\/uploads\/2021\/05\/20210224_143044-600x541.jpg\" data-orig-src=\"https:\/\/www.ro.vet\/wp-content\/uploads\/2021\/05\/20210224_143044-600x541.jpg\" alt=\"\" width=\"600\" height=\"541\" srcset=\"data:image\/svg+xml,%3Csvg%20xmlns%3D%27http%3A%2F%2Fwww.w3.org%2F2000%2Fsvg%27%20width%3D%27600%27%20height%3D%27541%27%20viewBox%3D%270%200%20600%20541%27%3E%3Crect%20width%3D%27600%27%20height%3D%27541%27%20fill-opacity%3D%220%22%2F%3E%3C%2Fsvg%3E\" data-srcset=\"https:\/\/www.ro.vet\/wp-content\/uploads\/2021\/05\/20210224_143044-200x180.jpg 200w, https:\/\/www.ro.vet\/wp-content\/uploads\/2021\/05\/20210224_143044-300x270.jpg 300w, https:\/\/www.ro.vet\/wp-content\/uploads\/2021\/05\/20210224_143044-400x361.jpg 400w, https:\/\/www.ro.vet\/wp-content\/uploads\/2021\/05\/20210224_143044-600x541.jpg 600w, https:\/\/www.ro.vet\/wp-content\/uploads\/2021\/05\/20210224_143044-768x692.jpg 768w, https:\/\/www.ro.vet\/wp-content\/uploads\/2021\/05\/20210224_143044-800x721.jpg 800w, https:\/\/www.ro.vet\/wp-content\/uploads\/2021\/05\/20210224_143044-1024x923.jpg 1024w, https:\/\/www.ro.vet\/wp-content\/uploads\/2021\/05\/20210224_143044-1200x1082.jpg 1200w, https:\/\/www.ro.vet\/wp-content\/uploads\/2021\/05\/20210224_143044-1536x1384.jpg 1536w\" data-sizes=\"auto\" data-orig-sizes=\"(max-width: 600px) 100vw, 600px\" \/><\/p>\n<p style=\"font-size: 18px;\" data-fusion-font=\"true\">Unter naturgegeben oder nat\u00fcrlichen Mitteln versteht man:<\/p>\n<p style=\"font-size: 18px;\" data-fusion-font=\"true\">Statisch-mechanische und dynamische Kr\u00e4fte, wie sie z.B. bei Massagen, passiver und aktiver Mobilisation, isometrischen \u00dcbungen und auch bei der Bewegungstherapie zum Tragen kommen.<\/p>\n<p style=\"font-size: 18px;\" data-fusion-font=\"true\">Aber auch die physikalische Therapie f\u00e4llt als Teilgebiet der Physiotherapie darunter, denn Wasser, Licht, W\u00e4rme, K\u00e4lte und Elektrizit\u00e4t, wie z.B. bei der TENS oder der Mittefrequenztherapie, geh\u00f6ren zu den naturgegebenen Elementen.<\/p>\n<p style=\"font-size: 18px;\" data-fusion-font=\"true\">Ein Physiotherapeut muss neben einem umfangreichen Detailwissen \u00fcber die Anatomie und Physiologie auch die F\u00e4higkeit besitzen, Unterschiede im Gewebe, am K\u00f6rper und in der Gelenkbeweglichkeit erf\u00fchlen zu k\u00f6nnen und mit Ausgeglichenheit, Ruhe und Einf\u00fchlungsverm\u00f6gen an seinen Patienten herantreten. Es ist essenziell, dass der tierische Patient sich auf seinen Therapeuten einlassen kann und Vertrauen entwickelt, um w\u00e4hrend der Behandlung entspannen zu k\u00f6nnen.<\/p>\n<p style=\"font-size: 18px;\" data-fusion-font=\"true\">Der tierische (wie auch der menschliche) K\u00f6rper ist st\u00e4ndig inneren und \u00e4u\u00dferen Einfl\u00fcssen ausgesetzt, die das ein oder andere Mal auch zu Sch\u00e4den oder Einschr\u00e4nkungen f\u00fchren k\u00f6nnen, seien es Verletzungen, Fehl-\/Schonhaltungen aufgrund vorangegangener Schmerzen durch Gelenk- oder Muskelproblematiken oder schlichtweg Verschlei\u00dferscheinungen aufgrund des Alterungsprozesses. Der K\u00f6rper versucht immer leistungsstark zu bleiben und kompensiert Schmerzen und Fehlstellungen durch einen Ausgleich, eine \u00dcberbeanspruchung an anderer Stelle. Solch eine Kompensation kann h\u00e4ufig lange aufrechterhalten werden, aber ab einem gewissen Grad, ab einer gewissen Dauer der urs\u00e4chlichen Dysfunktion kann der K\u00f6rper des Tieres seine Kompensationsf\u00e4higkeit verlieren und deutliche Symptome werden sichtbar.<\/p>\n<p style=\"font-size: 18px;\" data-fusion-font=\"true\"><b><i><span style=\"font-size: 19px;\" data-fusion-font=\"true\">Soweit sollte man es nicht kommen lassen!<\/span><\/i><\/b><\/p>\n<p style=\"font-size: 18px;\" data-fusion-font=\"true\">Oft zeigen unsere Tiere schon vorher sehr subtile Anzeichen, dass etwas nicht in Ordnung ist und sei es nur dass sie ruhiger als sonst sind, weniger gerne spazieren gehen, schwerer aufstehen oder sich ungern hinlegen, mal keinen Appetit haben oder beim Reiten unwillig sind. Die Liste k\u00f6nnte unendlich weitergef\u00fchrt werden.<\/p>\n<p style=\"font-size: 18px;\" data-fusion-font=\"true\">Meiner Erfahrung nach sollte man diese ersten Zeichen ernst nehmen und sie nicht einfach \u00fcbergehen. Denn eines ist klar, je fr\u00fcher gegen beginnende Probleme, Schmerzen und Fehlbelastungen angegangen wird, umso gr\u00f6\u00dfer ist die Chance auf Wiederherstellung der physiologischen Funktion und ein eventuell chronisches Geschehen kann abgewendet werden. Aber auch bei schon l\u00e4nger bestehenden Problemen oder eben schon chronischen Zust\u00e4nden ist eine genaue Analyse bzw. Untersuchung des Zustandes ratsam und eine Therapie, sei sie rein physiotherapeutisch oder kombiniert mit anderen Therapieformen\/-richtungen ist immer empfehlenswert.<\/p>\n<p style=\"font-size: 18px;\" data-fusion-font=\"true\">Dem Tier zuliebe sollte immer eine Verbesserung des Zustandes angestrebt werden, auch wenn manchmal sichtbare Erfolge seine Zeit brauchen.<\/p>\n<p><b style=\"font-size: 18px;\" data-fusion-font=\"true\">Also, wann sollten Sie sich \u00fcberlegen ihr Tier physiotherapeutisch untersuchen und behandeln zu lassen (Auflistung erhebt keine Garantie auf Vollst\u00e4ndigkeit):<\/b><\/p>\n<\/div><\/div><\/div><div class=\"fusion-layout-column fusion_builder_column fusion-builder-column-1 fusion_builder_column_1_1 1_1 fusion-flex-column\" style=\"--awb-bg-size:cover;--awb-width-large:100%;--awb-margin-top-large:0px;--awb-spacing-right-large:1.92%;--awb-margin-bottom-large:20px;--awb-spacing-left-large:1.92%;--awb-width-medium:100%;--awb-order-medium:0;--awb-spacing-right-medium:1.92%;--awb-spacing-left-medium:1.92%;--awb-width-small:100%;--awb-order-small:0;--awb-spacing-right-small:1.92%;--awb-spacing-left-small:1.92%;\"><div class=\"fusion-column-wrapper fusion-column-has-shadow fusion-flex-justify-content-flex-start fusion-content-layout-column\"><div class=\"fusion-tabs fusion-tabs-1 classic nav-not-justified horizontal-tabs icon-position-left mobile-mode-accordion\" style=\"--awb-title-border-radius-top-left:0px;--awb-title-border-radius-top-right:0px;--awb-title-border-radius-bottom-right:0px;--awb-title-border-radius-bottom-left:0px;--awb-inactive-color:rgba(96,125,139,0.27);--awb-background-color:rgba(221,221,221,0.3);--awb-border-color:rgba(139,195,74,0.34);--awb-active-border-color:rgba(139,195,74,0.19);\"><div class=\"nav\"><ul class=\"nav-tabs\" role=\"tablist\"><li class=\"active\" role=\"presentation\"><a class=\"tab-link\" data-toggle=\"tab\" role=\"tab\" aria-controls=\"tab-e016588fcef9395c7c9\" aria-selected=\"true\" id=\"fusion-tab-hunde\" href=\"#tab-e016588fcef9395c7c9\"><h4 class=\"fusion-tab-heading\">Hunde<\/h4><\/a><\/li><li role=\"presentation\"><a class=\"tab-link\" data-toggle=\"tab\" role=\"tab\" aria-controls=\"tab-d8782226706531afe34\" aria-selected=\"false\" tabindex=\"-1\" id=\"fusion-tab-pferde\" href=\"#tab-d8782226706531afe34\"><h4 class=\"fusion-tab-heading\">Pferde<\/h4><\/a><\/li><\/ul><\/div><div class=\"tab-content\"><div class=\"nav fusion-mobile-tab-nav\"><ul class=\"nav-tabs\" role=\"tablist\"><li class=\"active\" role=\"presentation\"><a class=\"tab-link\" data-toggle=\"tab\" role=\"tab\" aria-controls=\"tab-e016588fcef9395c7c9\" aria-selected=\"true\" id=\"mobile-fusion-tab-hunde\" href=\"#tab-e016588fcef9395c7c9\"><h4 class=\"fusion-tab-heading\">Hunde<\/h4><\/a><\/li><\/ul><\/div><div class=\"tab-pane fade fusion-clearfix in active\" role=\"tabpanel\" tabindex=\"0\" aria-labelledby=\"fusion-tab-hunde\" id=\"tab-e016588fcef9395c7c9\">\n<p><b><u><span data-fusion-font=\"true\">Ihr Hund zeigt u.a.:<\/span><\/u><\/b><\/p>\n<ul>\n<li>Weniger Leistungsbereitschaft, was sich \u00e4u\u00dfern kann als:\n<ul>\n<li>Bewegungsunlust<\/li>\n<li>Schnelles erm\u00fcden<\/li>\n<li>H\u00e4ufiges Hinlegen<\/li>\n<li>Weniger Spieltrieb<\/li>\n<\/ul>\n<\/li>\n<li>Lahmheit: akut oder wiederkehrend, bekannter oder unbekannter Ursache, nach dem Aufstehen, nach Belastung<\/li>\n<li>Ver\u00e4ndertes Gangbild: z.B. steif oder schwankend \/unsicher<\/li>\n<li>Kurzfristiges entlasten eines Beines beim Laufen, Hoppelnder Gang<\/li>\n<li>Ungleiche Belastung\/Entlastung eines Beines oder abwechselnde Entlastung verschiedener Beine<\/li>\n<li>Schwierigkeiten beim Hinlegen\/Aufstehen<\/li>\n<li>Schmerzen<\/li>\n<li>Wesens\u00e4nderungen im Alltag, gegen\u00fcber Ihnen und\/oder Artgenossen: aggressiver, \u00e4ngstlicher, schreckhafter, apathischer, ruhiger, \u2026<\/li>\n<li>Ber\u00fchrungsempfindlichkeit bzw. Schmerz\u00e4u\u00dferung\/Anzeichen von Unbehagen (u.a. Jaulen, Knurren, Fiepsen, Schmatzen, Ausweichbewegungen, \u2026)<\/li>\n<li>Aufgew\u00f6lbter R\u00fccken<\/li>\n<li>Schwierigkeiten\/Verweigerung ins Auto\/aus dem Auto oder auf das Sofa zu springen<\/li>\n<li>Vermeiden\/Verweigern von Treppensteigen<\/li>\n<li>Bevorzugte Gangarten Trab oder Pass, vermeiden von Schritt<\/li>\n<li>Schwellungen\/vermehrte W\u00e4rme an bestimmten K\u00f6rperregionen<\/li>\n<li>Krallenschleifen: h\u00f6rbar oder erkennbar an vermehrt abgeschliffenen Krallen<\/li>\n<\/ul>\n<p><b>Generell sinnvoll sind physiotherapeutische Behandlungen:<\/b><\/p>\n<ul>\n<li>Nach orthop\u00e4dischen Operationen an Gliedma\u00dfen oder Wirbels\u00e4ule<\/li>\n<li>Unmittelbar nach einer Verletzung\/Traumata zur Verk\u00fcrzung der Heilungszeit, Optimierung des Heilungsprozesses und Vermeidung von Folgesch\u00e4den<\/li>\n<li>Lahmheiten bekannter\/ungekl\u00e4rter Ursache<\/li>\n<li>Chronischen Erkrankungen, wie Arthrosen an Gelenken oder Wirbels\u00e4ule, Spondylosen<\/li>\n<li>Gelenkerkrankungen, wie Patellaluxation, Ellbogen- und\/oder H\u00fcftgelenksdysplasie<\/li>\n<li>Bandscheibenvorf\u00e4llen und andere neurologische Erkrankungen\/Sch\u00e4den mit\/ohne ggf. L\u00e4hmungserscheinungen<\/li>\n<li>Muskul\u00e4re Probleme, wie Muskelverspannungen, Muskelatrophie<\/li>\n<li>Erkrankungen von B\u00e4ndern und\/oder Sehnen<\/li>\n<li>Cauda-Equina-Syndrom<\/li>\n<li>Verbesserung der Beweglichkeit und Muskelfunktion<\/li>\n<li>Pr\u00e4vention von Verletzungen<\/li>\n<li>Vorbeugung vorzeitiger Alterungsprozesse und Erhaltung der Bewegungsfreude und Lebensqualit\u00e4t bei unseren Senioren und geriatrischen Tieren<\/li>\n<li>Konditionstraining, Leistungserhalt und Regeneration bei sportlich aktiven Tieren<\/li>\n<li>Steigerung der Lebensqualit\u00e4t aller Altersklassen und Nutzungsrichtungen<\/li>\n<\/ul>\n<\/div><div class=\"nav fusion-mobile-tab-nav\"><ul class=\"nav-tabs\" role=\"tablist\"><li role=\"presentation\"><a class=\"tab-link\" data-toggle=\"tab\" role=\"tab\" aria-controls=\"tab-d8782226706531afe34\" aria-selected=\"false\" tabindex=\"-1\" id=\"mobile-fusion-tab-pferde\" href=\"#tab-d8782226706531afe34\"><h4 class=\"fusion-tab-heading\">Pferde<\/h4><\/a><\/li><\/ul><\/div><div class=\"tab-pane fade fusion-clearfix\" role=\"tabpanel\" tabindex=\"0\" aria-labelledby=\"fusion-tab-pferde\" id=\"tab-d8782226706531afe34\">\n<p><b><u><span data-fusion-font=\"true\">Ihr Pferd zeigt u.a.:<\/span><\/u><\/b><\/p>\n<ul>\n<li>Rittigkeitsprobleme, Steifheit, Widersetzlichkeiten, Arbeitsverweigerung<\/li>\n<li>Allgemeine Bewegungsunlust<\/li>\n<li>Leistungsinsuffizienz oder Leistungsabfall<\/li>\n<li>Lahmheiten, Taktfehler (bekannter\/unbekannter Ursache)<\/li>\n<li>Aggressives, abwehrendes Verhalten beim Umgang wie z.B. beim Putzen und Satteln<\/li>\n<li>Allgemeine \u00c4ngstlichkeit oder Nervosit\u00e4t<\/li>\n<li>Unphysiologische Kopf- und \/ oder Schweifhaltung, Ausstellen einer Gliedma\u00dfe oder im Wechsel mit anderer Gliedma\u00dfe<\/li>\n<li>Schmerzanzeichen, wie z.B. Z\u00e4hneknirschen, Schnappen bei Ber\u00fchrung, Ausweichen, \u2026.<\/li>\n<li>Bekannte Erkrankungen wie Arthrose, Spat, Kissing Spins, schmerzhafte Muskelverspannungen, Sehnenerkrankungen&#8230;<\/li>\n<li>Schwellungen\/vermehrte W\u00e4rme an bestimmten K\u00f6rperregionen<\/li>\n<\/ul>\n<p><b>Generell sinnvoll sind physiotherapeutische Behandlungen:<\/b><\/p>\n<ul>\n<li>Unmittelbar nach einer Verletzung zur Verk\u00fcrzung der Heilungszeit, Optimierung des Heilungsprozesses und Vermeidung von Folgesch\u00e4den<\/li>\n<li>Konditionstraining, Leistungserhalt und Regeneration bei sportlich aktiven Tieren<\/li>\n<li>Verbesserung der Beweglichkeit und Muskelfunktion<\/li>\n<li>Pr\u00e4vention von Verletzungen<\/li>\n<li>Vorbeugung vorzeitiger Alterungsprozesse und Erhaltung der Bewegungsfreude und Lebensqualit\u00e4t bei unseren Senioren und geriatrischen Tieren<\/li>\n<li>Steigerung der Lebensqualit\u00e4t bei Pferden aller Altersklassen und Nutzungsrichtungen<\/li>\n<li>Schmerzlinderung<\/li>\n<\/ul>\n<\/div><\/div><\/div><\/div><\/div><\/div><\/div>\n","protected":false},"excerpt":{"rendered":"","protected":false},"author":2,"featured_media":0,"parent":0,"menu_order":0,"comment_status":"closed","ping_status":"closed","template":"","meta":{"footnotes":""},"class_list":["post-324","page","type-page","status-publish","hentry"],"_links":{"self":[{"href":"https:\/\/www.ro.vet\/index.php?rest_route=\/wp\/v2\/pages\/324","targetHints":{"allow":["GET"]}}],"collection":[{"href":"https:\/\/www.ro.vet\/index.php?rest_route=\/wp\/v2\/pages"}],"about":[{"href":"https:\/\/www.ro.vet\/index.php?rest_route=\/wp\/v2\/types\/page"}],"author":[{"embeddable":true,"href":"https:\/\/www.ro.vet\/index.php?rest_route=\/wp\/v2\/users\/2"}],"replies":[{"embeddable":true,"href":"https:\/\/www.ro.vet\/index.php?rest_route=%2Fwp%2Fv2%2Fcomments&post=324"}],"version-history":[{"count":17,"href":"https:\/\/www.ro.vet\/index.php?rest_route=\/wp\/v2\/pages\/324\/revisions"}],"predecessor-version":[{"id":496,"href":"https:\/\/www.ro.vet\/index.php?rest_route=\/wp\/v2\/pages\/324\/revisions\/496"}],"wp:attachment":[{"href":"https:\/\/www.ro.vet\/index.php?rest_route=%2Fwp%2Fv2%2Fmedia&parent=324"}],"curies":[{"name":"wp","href":"https:\/\/api.w.org\/{rel}","templated":true}]}}